{"id":212,"date":"2024-11-16T10:40:22","date_gmt":"2024-11-16T10:40:22","guid":{"rendered":"https:\/\/guadeloupeforever.com\/commande-paniers\/?page_id=212"},"modified":"2025-02-27T13:40:09","modified_gmt":"2025-02-27T17:40:09","slug":"se-connecter","status":"publish","type":"page","link":"https:\/\/guadeloupeforever.com\/commande-paniers\/","title":{"rendered":"Se connecter"},"content":{"rendered":"\t\t<div data-elementor-type=\"wp-page\" data-elementor-id=\"212\" class=\"elementor elementor-212\" data-elementor-post-type=\"page\">\n\t\t\t\t<div class=\"elementor-element elementor-element-968518f e-flex e-con-boxed e-con e-parent\" data-id=\"968518f\" data-element_type=\"container\" data-e-type=\"container\">\n\t\t\t\t\t<div class=\"e-con-inner\">\n\t\t\t\t<div class=\"elementor-element elementor-element-d148f72 elementor-widget elementor-widget-image\" data-id=\"d148f72\" data-element_type=\"widget\" data-e-type=\"widget\" data-widget_type=\"image.default\">\n\t\t\t\t<div class=\"elementor-widget-container\">\n\t\t\t\t\t\t\t\t\t\t\t\t\t\t\t<img fetchpriority=\"high\" decoding=\"async\" width=\"300\" height=\"225\" src=\"https:\/\/guadeloupeforever.com\/commande-paniers\/wp-content\/uploads\/2024\/11\/cropped-natirel_peyi_logo_transparent-2-300x225-1.png\" class=\"attachment-medium size-medium wp-image-171\" alt=\"\" \/>\t\t\t\t\t\t\t\t\t\t\t\t\t\t\t<\/div>\n\t\t\t\t<\/div>\n\t\t\t\t\t<\/div>\n\t\t\t\t<\/div>\n\t\t<div class=\"elementor-element elementor-element-3b1c776 e-flex e-con-boxed e-con e-parent\" data-id=\"3b1c776\" data-element_type=\"container\" data-e-type=\"container\" data-settings=\"{&quot;background_background&quot;:&quot;classic&quot;}\">\n\t\t\t\t\t<div class=\"e-con-inner\">\n\t\t\t\t<div class=\"elementor-element elementor-element-a931a74 elementor-widget elementor-widget-heading\" data-id=\"a931a74\" data-element_type=\"widget\" data-e-type=\"widget\" data-widget_type=\"heading.default\">\n\t\t\t\t<div class=\"elementor-widget-container\">\n\t\t\t\t\t<h1 class=\"elementor-heading-title elementor-size-default\">Se connecter<\/h1>\t\t\t\t<\/div>\n\t\t\t\t<\/div>\n\t\t\t\t<div class=\"elementor-element elementor-element-ccc0c0e elementor-widget elementor-widget-text-editor\" data-id=\"ccc0c0e\" data-element_type=\"widget\" data-e-type=\"widget\" data-widget_type=\"text-editor.default\">\n\t\t\t\t<div class=\"elementor-widget-container\">\n\t\t\t\t\t\t\t\t\t<p>Veuillez entrer votre num\u00e9ro de t\u00e9l\u00e9phone pour vous connecter et commander votre panier.<\/p>\t\t\t\t\t\t\t\t<\/div>\n\t\t\t\t<\/div>\n\t\t\t\t<div class=\"elementor-element elementor-element-fdee2f2 elementor-widget elementor-widget-shortcode\" data-id=\"fdee2f2\" data-element_type=\"widget\" data-e-type=\"widget\" data-widget_type=\"shortcode.default\">\n\t\t\t\t<div class=\"elementor-widget-container\">\n\t\t\t\t\t\t\t<div class=\"elementor-shortcode\">\r\n        <form action=\"https:\/\/guadeloupeforever.com\/commande-paniers\/wp-admin\/admin-post.php\" method=\"POST\" id=\"cdogf-connexion-form\">\r\n            <input type=\"hidden\" name=\"action\" value=\"cdogf_connexion_user\">\r\n\r\n            <div class=\"cdogf-complete-input\">\r\n                <label class=\"cdogf-label-input\" for=\"indicatif\">Num\u00e9ro de t\u00e9l\u00e9phone<\/label>\r\n                <div class=\"cdogf-conteneur-inline\">\r\n                    <select class=\"cdogf-input-select\" name=\"indicatif\" id=\"indicatif\">\r\n                        <option value=\"+590\">+590<\/option>\r\n                        <option value=\"+594\">+594<\/option>\r\n                        <option value=\"+596\">+596<\/option>\r\n                        <option value=\"+32\">+32<\/option>\r\n                        <option value=\"+33\">+33<\/option>\r\n                        <option value=\"+34\">+34<\/option>\r\n                        <option value=\"+43\">+43<\/option>\r\n                        <option value=\"+49\">+49<\/option>\r\n                        <option value=\"+1\">+1<\/option>\r\n                    <\/select>\r\n\r\n                    <input type=\"tel\" name=\"phonenumber\" placeholder=\"690124583\" class=\"cdogf-input-text\">\r\n                <\/div>\r\n            <\/div>\r\n            <button type=\"submit\" class=\"cdogf-button\">Continuer<\/button>\r\n        <\/form>\r\n\r\n        <\/div>\n\t\t\t\t\t\t<\/div>\n\t\t\t\t<\/div>\n\t\t\t\t<div class=\"elementor-element elementor-element-0f6b544 elementor-widget elementor-widget-text-editor\" data-id=\"0f6b544\" data-element_type=\"widget\" data-e-type=\"widget\" data-widget_type=\"text-editor.default\">\n\t\t\t\t<div class=\"elementor-widget-container\">\n\t\t\t\t\t\t\t\t\t<p>Vous n&rsquo;avez pas encore de compte ? <a href=\"https:\/\/guadeloupeforever.com\/commande-paniers\/inscription-livraison-de-paniers\/\">Cr\u00e9ez-en un juste ici<\/a>.<\/p>\t\t\t\t\t\t\t\t<\/div>\n\t\t\t\t<\/div>\n\t\t\t\t\t<\/div>\n\t\t\t\t<\/div>\n\t\t\t\t<\/div>\n\t\t","protected":false},"excerpt":{"rendered":"<p>Se connecter Veuillez entrer votre num\u00e9ro de t\u00e9l\u00e9phone pour vous connecter et commander votre panier. Vous n&rsquo;avez pas encore de compte ? Cr\u00e9ez-en un juste ici.<\/p>\n","protected":false},"author":1,"featured_media":0,"parent":0,"menu_order":0,"comment_status":"closed","ping_status":"closed","template":"elementor_canvas","meta":{"footnotes":""},"class_list":["post-212","page","type-page","status-publish","hentry"],"_links":{"self":[{"href":"https:\/\/guadeloupeforever.com\/commande-paniers\/wp-json\/wp\/v2\/pages\/212","targetHints":{"allow":["GET"]}}],"collection":[{"href":"https:\/\/guadeloupeforever.com\/commande-paniers\/wp-json\/wp\/v2\/pages"}],"about":[{"href":"https:\/\/guadeloupeforever.com\/commande-paniers\/wp-json\/wp\/v2\/types\/page"}],"author":[{"embeddable":true,"href":"https:\/\/guadeloupeforever.com\/commande-paniers\/wp-json\/wp\/v2\/users\/1"}],"replies":[{"embeddable":true,"href":"https:\/\/guadeloupeforever.com\/commande-paniers\/wp-json\/wp\/v2\/comments?post=212"}],"version-history":[{"count":22,"href":"https:\/\/guadeloupeforever.com\/commande-paniers\/wp-json\/wp\/v2\/pages\/212\/revisions"}],"predecessor-version":[{"id":783,"href":"https:\/\/guadeloupeforever.com\/commande-paniers\/wp-json\/wp\/v2\/pages\/212\/revisions\/783"}],"wp:attachment":[{"href":"https:\/\/guadeloupeforever.com\/commande-paniers\/wp-json\/wp\/v2\/media?parent=212"}],"curies":[{"name":"wp","href":"https:\/\/api.w.org\/{rel}","templated":true}]}}