{"id":166,"date":"2024-11-16T08:33:11","date_gmt":"2024-11-16T08:33:11","guid":{"rendered":"https:\/\/guadeloupeforever.com\/commande-paniers\/?page_id=166"},"modified":"2024-11-16T10:30:21","modified_gmt":"2024-11-16T10:30:21","slug":"inscription-livraison-de-paniers","status":"publish","type":"page","link":"https:\/\/guadeloupeforever.com\/commande-paniers\/inscription-livraison-de-paniers\/","title":{"rendered":"Inscription livraison de paniers"},"content":{"rendered":"\t\t<div data-elementor-type=\"wp-page\" data-elementor-id=\"166\" class=\"elementor elementor-166\" data-elementor-post-type=\"page\">\n\t\t\t\t<div class=\"elementor-element elementor-element-1c41c4b e-flex e-con-boxed e-con e-parent\" data-id=\"1c41c4b\" data-element_type=\"container\" data-e-type=\"container\" data-settings=\"{&quot;background_background&quot;:&quot;classic&quot;}\">\n\t\t\t\t\t<div class=\"e-con-inner\">\n\t\t\t\t<div class=\"elementor-element elementor-element-c490eae elementor-widget elementor-widget-image\" data-id=\"c490eae\" data-element_type=\"widget\" data-e-type=\"widget\" data-widget_type=\"image.default\">\n\t\t\t\t<div class=\"elementor-widget-container\">\n\t\t\t\t\t\t\t\t\t\t\t\t\t\t\t<img fetchpriority=\"high\" decoding=\"async\" width=\"300\" height=\"225\" src=\"https:\/\/guadeloupeforever.com\/commande-paniers\/wp-content\/uploads\/2024\/11\/cropped-natirel_peyi_logo_transparent-2-300x225-1.png\" class=\"attachment-large size-large wp-image-171\" alt=\"\" \/>\t\t\t\t\t\t\t\t\t\t\t\t\t\t\t<\/div>\n\t\t\t\t<\/div>\n\t\t\t\t<div class=\"elementor-element elementor-element-c2be9f0 elementor-widget elementor-widget-heading\" data-id=\"c2be9f0\" data-element_type=\"widget\" data-e-type=\"widget\" data-widget_type=\"heading.default\">\n\t\t\t\t<div class=\"elementor-widget-container\">\n\t\t\t\t\t<h2 class=\"elementor-heading-title elementor-size-default\">Formulaire d'inscription<\/h2>\t\t\t\t<\/div>\n\t\t\t\t<\/div>\n\t\t\t\t<div class=\"elementor-element elementor-element-a3a97e9 elementor-widget elementor-widget-text-editor\" data-id=\"a3a97e9\" data-element_type=\"widget\" data-e-type=\"widget\" data-widget_type=\"text-editor.default\">\n\t\t\t\t<div class=\"elementor-widget-container\">\n\t\t\t\t\t\t\t\t\t<p>Inscrivez-vous via le formulaire ci-dessous avant de passer votre premi\u00e8re commande. Cela nous permet de cr\u00e9er votre compte et de connaitre votre point de retrait.<\/p>\t\t\t\t\t\t\t\t<\/div>\n\t\t\t\t<\/div>\n\t\t\t\t\t<\/div>\n\t\t\t\t<\/div>\n\t\t<div class=\"elementor-element elementor-element-0aed026 e-flex e-con-boxed e-con e-parent\" data-id=\"0aed026\" data-element_type=\"container\" data-e-type=\"container\" data-settings=\"{&quot;background_background&quot;:&quot;classic&quot;}\">\n\t\t\t\t\t<div class=\"e-con-inner\">\n\t\t\t\t<div class=\"elementor-element elementor-element-9b692da elementor-widget elementor-widget-text-editor\" data-id=\"9b692da\" data-element_type=\"widget\" data-e-type=\"widget\" data-widget_type=\"text-editor.default\">\n\t\t\t\t<div class=\"elementor-widget-container\">\n\t\t\t\t\t\t\t\t\t<p><em>Tous les champs sont obligatoires.<\/em><\/p>\t\t\t\t\t\t\t\t<\/div>\n\t\t\t\t<\/div>\n\t\t\t\t<div class=\"elementor-element elementor-element-28257e1 elementor-widget elementor-widget-shortcode\" data-id=\"28257e1\" data-element_type=\"widget\" data-e-type=\"widget\" data-widget_type=\"shortcode.default\">\n\t\t\t\t<div class=\"elementor-widget-container\">\n\t\t\t\t\t\t\t<div class=\"elementor-shortcode\">        <form action=\"https:\/\/guadeloupeforever.com\/commande-paniers\/wp-admin\/admin-post.php\" method=\"POST\" id=\"cdogf-registration-form\">\r\n            <input type=\"hidden\" name=\"action\" value=\"cdogf_register_user\">\r\n            \r\n            <div class=\"cdogf-complete-input\">\r\n                <label class=\"cdogf-label-input\" for=\"lastname\">Nom<\/label><br\/>\r\n                <input type=\"text\" name=\"lastname\" id=\"lastname\" class=\"cdogf-input-text\">\r\n            <\/div>\r\n\r\n            <div class=\"cdogf-complete-input\">\r\n                <label class=\"cdogf-label-input\" for=\"firstname\">Pr\u00e9nom<\/label><br\/>\r\n                <input type=\"text\" name=\"firstname\" id=\"firstname\" class=\"cdogf-input-text\">\r\n            <\/div>\r\n\r\n            <div class=\"cdogf-complete-input\">\r\n                <label class=\"cdogf-label-input\" for=\"indicatif\">Num\u00e9ro de t\u00e9l\u00e9phone<\/label>\r\n\r\n                <div class=\"cdogf-conteneur-inline\">\r\n                    <select class=\"cdogf-input-select\" name=\"indicatif\" id=\"indicatif\">\r\n                        <option value=\"+590\">+590<\/option>\r\n                        <option value=\"+594\">+594<\/option>\r\n                        <option value=\"+596\">+596<\/option>\r\n                        <option value=\"+32\">+32<\/option>\r\n                        <option value=\"+33\">+33<\/option>\r\n                        <option value=\"+34\">+34<\/option>\r\n                        <option value=\"+43\">+43<\/option>\r\n                        <option value=\"+49\">+49<\/option>\r\n                        <option value=\"+1\">+1<\/option>\r\n                    <\/select>\r\n\r\n                    <input type=\"tel\" name=\"phonenumber\" placeholder=\"690124583\" class=\"cdogf-input-text\">\r\n                <\/div>\r\n            <\/div>\r\n\r\n            <div class=\"cdogf-complete-input\">\r\n                <label>Choisissez un point de retrait :<\/label><br\/><br\/>\r\n\r\n                <label class=\"cdogf-conteneur-radio\">\r\n                    <input type=\"radio\" name=\"adress\" value=\"ABYMES_1\">\r\n                    <span class=\"cdogf-checkmark\"><\/span>\r\n                    ABYMES - Parking du Palais de la Culture F\u00e9lix Proto, le Mardi 13h20-13h45\r\n                <\/label><br>\r\n\r\n                <label class=\"cdogf-conteneur-radio\">\r\n                    <input type=\"radio\" name=\"adress\" value=\"DUGAZON_ABYMES\">\r\n                    <span class=\"cdogf-checkmark\"><\/span>\r\n                    DUGAZON ABYMES - Point Relais, Boutique La Kaz \u00e0 Boudin (2601 R\u00e9sidence Alo\u00e8s), le mardi 13H - 18H30\r\n                <\/label><br>\t\t\t\t\t\t\r\n\r\n                <label class=\"cdogf-conteneur-radio\">\r\n                    <input type=\"radio\" name=\"adress\" value=\"BAIEMAHAULT_1\">\r\n                    <span class=\"cdogf-checkmark\"><\/span>\r\n                    BAIE MAHAULT - Parking dans l\u2019impasse, entre Jardiland et Intersport, devant la soci\u00e9t\u00e9 ARTI, le jeudi 10H30 \u2013 10H45\r\n                <\/label><br>\r\n\r\n                <label class=\"cdogf-conteneur-radio\">\r\n                    <input type=\"radio\" name=\"adress\" value=\"BAIEMAHAULT_3\">\r\n                    <span class=\"cdogf-checkmark\"><\/span>\r\n                    BAIE MAHAULT - V\u00e9lodrome, parking du coll\u00e8ge, le jeudi 12H40 \u2013 13H\r\n                <\/label><br>\r\n\r\n                <label class=\"cdogf-conteneur-radio\">\r\n                    <input type=\"radio\" name=\"adress\" value=\"JARRY_2\">\r\n                    <span class=\"cdogf-checkmark\"><\/span>\r\n                    JARRY - Point Relais, Cap Cr\u00e9ole, le jeudi 9H30 \u2013 18H\r\n                <\/label><br>\r\n\r\n                <label class=\"cdogf-conteneur-radio\">\r\n                    <input type=\"radio\" name=\"adress\" value=\"JARRY_3\">\r\n                    <span class=\"cdogf-checkmark\"><\/span>\r\n                    JARRY - Livraison Libre (suppl\u00e9ment de 10\u20ac), le jeudi 11H15 \u2013 12H15\r\n                <\/label><br>\r\n\r\n                <label class=\"cdogf-conteneur-radio\">\r\n                    <input type=\"radio\" name=\"adress\" value=\"JARRY_4\">\r\n                    <span class=\"cdogf-checkmark\"><\/span>\r\n                    JARRY - Point Relais, Boutique Nuska Deco, le jeudi de 9h30 \u00e0 17h\r\n                <\/label><br>\r\n\r\n                <label class=\"cdogf-conteneur-radio\">\r\n                    <input type=\"radio\" name=\"adress\" value=\"BASSETERRE\">\r\n                    <span class=\"cdogf-checkmark\"><\/span>\r\n                    BASSE TERRE - Point Relais, Boutique Kalinas Shop, Morne \u00e0 Vache, le vendredi 11H30 \u2013 17H30\r\n                <\/label><br>\r\n\r\n                <label class=\"cdogf-conteneur-radio\">\r\n                    <input type=\"radio\" name=\"adress\" value=\"BOUILLANTE\">\r\n                    <span class=\"cdogf-checkmark\"><\/span>\r\n                    BOUILLANTE - Parking de MAXIMAX, le vendredi 9H15 \u2013 9H30\r\n                <\/label><br>\r\n\r\n                <label class=\"cdogf-conteneur-radio\">\r\n                    <input type=\"radio\" name=\"adress\" value=\"DESHAIES_1\">\r\n                    <span class=\"cdogf-checkmark\"><\/span>\r\n                    DESHAIES - Grand Parking Marina, face \u00e0 la cabane jaune, le vendredi 7H55 \u2013 8H20\r\n                <\/label><br>\r\n\r\n                <label class=\"cdogf-conteneur-radio\">\r\n                    <input type=\"radio\" name=\"adress\" value=\"DESHAIES_2\">\r\n                    <span class=\"cdogf-checkmark\"><\/span>\r\n                    DESHAIES - Arr\u00eat de bus apr\u00e8s le Ti Sucri\u00e9, le vendredi 8H30 \u2013 8H40\r\n                <\/label><br>\r\n\r\n                <label class=\"cdogf-conteneur-radio\">\r\n                    <input type=\"radio\" name=\"adress\" value=\"GOSIER_1\">\r\n                    <span class=\"cdogf-checkmark\"><\/span>\r\n                    GOSIER - Parking de E-Leclerc de Pliane, le mardi 10H20 \u2013 10H45\r\n                <\/label><br>\r\n\r\n                <label class=\"cdogf-conteneur-radio\">\r\n                    <input type=\"radio\" name=\"adress\" value=\"GOSIER_3\">\r\n                    <span class=\"cdogf-checkmark\"><\/span>\r\n                    GOSIER - Parking KFC, le mardi 11H \u2013 11H15\r\n                <\/label><br>\r\n                \r\n                <label class=\"cdogf-conteneur-radio\">\r\n                    <input type=\"radio\" name=\"adress\" value=\"GOSIER_5\">\r\n                    <span class=\"cdogf-checkmark\"><\/span>\r\n                    GOSIER - Parking face \u00e0 la Pharmacie de Bas du Fort, le mardi 11H30 \u2013 11H45\r\n                <\/label><br>\r\n\r\n                <label class=\"cdogf-conteneur-radio\">\r\n                    <input type=\"radio\" name=\"adress\" value=\"GOSIER_4\">\r\n                    <span class=\"cdogf-checkmark\"><\/span>\r\n                    GOSIER - Bas du Fort, parking de Midas, le mardi 12H \u2013 12H15\r\n                <\/label><br>\r\n\r\n                <label class=\"cdogf-conteneur-radio\">\r\n                    <input type=\"radio\" name=\"adress\" value=\"GOSIER_6\">\r\n                    <span class=\"cdogf-checkmark\"><\/span>\r\n                    GOSIER - Point Relais, Boutique BienVini, \u00e0 c\u00f4t\u00e9 du restaurant \"Les Ignorants\" (La Marina de Bas-du-fort, 97110 Pointe-\u00e0-Pitre), le mardi 12H - 18H\r\n                <\/label><br>\r\n\r\n                <label class=\"cdogf-conteneur-radio\">\r\n                    <input type=\"radio\" name=\"adress\" value=\"LAMENTIN\">\r\n                    <span class=\"cdogf-checkmark\"><\/span>\r\n                    LAMENTIN - Parking du centre commercial, face \u00e0 la boulangerie, le vendredi 6H40 \u2013 7H\r\n                <\/label><br>\r\n\r\n                <label class=\"cdogf-conteneur-radio\">\r\n                    <input type=\"radio\" name=\"adress\" value=\"LEMOULE\">\r\n                    <span class=\"cdogf-checkmark\"><\/span>\r\n                    LE MOULE - A notre comptoir : Guadeloupe Forever, 5 rue du 14 f\u00e9vrier 1952. Du Mardi au Vendredi 8H \u2013 15H. Mercredi 8H \u2013 17H. Samedi 8H \u2013 11H\r\n                <\/label><br>\r\n\r\n                <label class=\"cdogf-conteneur-radio\">\r\n                    <input type=\"radio\" name=\"adress\" value=\"MORNEALEAU\">\r\n                    <span class=\"cdogf-checkmark\"><\/span>\r\n                    MORNE A L'EAU - Parking de la station service \u00e0 c\u00f4t\u00e9 du cimeti\u00e8re, le Vendredi 11h45 - 12h\r\n                <\/label><br>\r\n\r\n                <label class=\"cdogf-conteneur-radio\">\r\n                    <input type=\"radio\" name=\"adress\" value=\"PETITBOURG\">\r\n                    <span class=\"cdogf-checkmark\"><\/span>\r\n                    PETIT BOURG \u2013 Point Relais, Cave \u00e0 Colin, Zone commerciale de Colin, le jeudi 10H \u2013 18H\r\n                <\/label><br>\r\n\r\n                <!--Point de retrait le vendredi -->\r\n                <label class=\"cdogf-conteneur-radio\">\r\n                    <input type=\"radio\" name=\"adress\" value=\"POINTEAPITRE_1\">\r\n                    <span class=\"cdogf-checkmark\"><\/span>\r\n                    POINTE A PITRE - Place du march\u00e9 aux \u00e9pices, le vendredi 5H45 \u2013 5H55\r\n                <\/label><br>\r\n\r\n                <label class=\"cdogf-conteneur-radio\">\r\n                    <input type=\"radio\" name=\"adress\" value=\"STEANNE\">\r\n                    <span class=\"cdogf-checkmark\"><\/span>\r\n                    STE ANNE - Point Relais, Cave La Taverne de Pat (15 Av Egesippe Ib\u00e9n\u00e9), le mardi 10H \u2013 17H\r\n                <\/label><br>\r\n\r\n                <label class=\"cdogf-conteneur-radio\">\r\n                    <input type=\"radio\" name=\"adress\" value=\"STFRANCOIS_2\">\r\n                    <span class=\"cdogf-checkmark\"><\/span>\r\n                    ST FRANCOIS - Point Relais, Boutique Nuska gall\u00e9rie cristal beach, au stade de St-Fran\u00e7ois, le mardi de 9h30 \u00e0 17h\r\n                <\/label><br>\r\n\r\n                <button type=\"submit\" class=\"cdogf-button\">S'inscrire<\/button>\r\n        <\/form>\r\n        <\/div>\n\t\t\t\t\t\t<\/div>\n\t\t\t\t<\/div>\n\t\t\t\t\t<\/div>\n\t\t\t\t<\/div>\n\t\t\t\t<\/div>\n\t\t","protected":false},"excerpt":{"rendered":"<p>Formulaire d&rsquo;inscription Inscrivez-vous via le formulaire ci-dessous avant de passer votre premi\u00e8re commande. Cela nous permet de cr\u00e9er votre compte et de connaitre votre point de retrait. Tous les champs sont obligatoires.<\/p>\n","protected":false},"author":1,"featured_media":0,"parent":0,"menu_order":0,"comment_status":"closed","ping_status":"closed","template":"elementor_canvas","meta":{"footnotes":""},"class_list":["post-166","page","type-page","status-publish","hentry"],"_links":{"self":[{"href":"https:\/\/guadeloupeforever.com\/commande-paniers\/wp-json\/wp\/v2\/pages\/166","targetHints":{"allow":["GET"]}}],"collection":[{"href":"https:\/\/guadeloupeforever.com\/commande-paniers\/wp-json\/wp\/v2\/pages"}],"about":[{"href":"https:\/\/guadeloupeforever.com\/commande-paniers\/wp-json\/wp\/v2\/types\/page"}],"author":[{"embeddable":true,"href":"https:\/\/guadeloupeforever.com\/commande-paniers\/wp-json\/wp\/v2\/users\/1"}],"replies":[{"embeddable":true,"href":"https:\/\/guadeloupeforever.com\/commande-paniers\/wp-json\/wp\/v2\/comments?post=166"}],"version-history":[{"count":16,"href":"https:\/\/guadeloupeforever.com\/commande-paniers\/wp-json\/wp\/v2\/pages\/166\/revisions"}],"predecessor-version":[{"id":209,"href":"https:\/\/guadeloupeforever.com\/commande-paniers\/wp-json\/wp\/v2\/pages\/166\/revisions\/209"}],"wp:attachment":[{"href":"https:\/\/guadeloupeforever.com\/commande-paniers\/wp-json\/wp\/v2\/media?parent=166"}],"curies":[{"name":"wp","href":"https:\/\/api.w.org\/{rel}","templated":true}]}}